{"id":35,"date":"2015-09-18T10:47:56","date_gmt":"2015-09-18T10:47:56","guid":{"rendered":"http:\/\/nicklondos.com\/?page_id=35&#038;lang=en"},"modified":"2015-10-26T00:20:05","modified_gmt":"2015-10-26T00:20:05","slug":"useful-links","status":"publish","type":"page","link":"https:\/\/nicklondos.com\/en\/useful-links\/","title":{"rendered":"Useful links"},"content":{"rendered":"<h4>Some useful links related to the purchase or sale of your home<\/h4>\n<p>&nbsp;<br \/>\n[one_half_first]<\/p>\n<ul>\n<li><a href=\"http:\/\/www.hydroquebec.com\/fr\/index.html\" target=\"_blank\">Hydro Quebec<\/a><\/li>\n<li><a href=\"http:\/\/www.gazmetro.com\/\" target=\"_blank\">Gaz Metro<\/a><\/li>\n<li><a href=\"https:\/\/www.adresse.gouv.qc.ca\/Inscrire\/FormulaireChangementAdresse.aspx?Etape=0\" target=\"_blank\">Changement d&#8217;adresse<\/a><\/li>\n<li><a href=\"https:\/\/www.canadapost.ca\/web\/fr\/products\/details.page?article=forward_your_mail_wh\" target=\"_blank\">Canada Post (mail forwarding)<\/a><\/li>\n<li><a href=\"http:\/\/www.cnq.org\/\" target=\"_blank\">Chamber of notaries<\/a><\/li>\n<li><a href=\"http:\/\/www.oaciq.com\/fr\" target=\"_blank\">Oaciq<\/a><\/li>\n<li><a href=\"http:\/\/realtor.ca\/\" target=\"_blank\">Realtor<\/a><\/li>\n<li><a href=\"http:\/\/www.cigm.qc.ca\/\" target=\"_blank\">Real Estate Board of Greater<\/a><\/li>\n<\/ul>\n<p>[\/one_half_first][one_half_last]<\/p>\n<ul>\n<li><a href=\"http:\/\/www.centris.ca\/fr\/\" target=\"_blank\">Centris<\/a><\/li>\n<li><a href=\"http:\/\/www.rdl.gouv.qc.ca\/fr\/accueil\/accueil.asp\" target=\"_blank\">Housing Authority<\/a><\/li>\n<li><a href=\"http:\/\/www.oagq.qc.ca\/\" target=\"_blank\">Order of Quebec Land Surveyors<\/a><\/li>\n<li><a href=\"https:\/\/www.longueuil.quebec\/fr\" target=\"_blank\">City of Longueuil<\/a><\/li>\n<li><a href=\"http:\/\/www.saint-lambert.ca\/\" target=\"_blank\">City of St-Lambert<\/a><\/li>\n<li><a href=\"http:\/\/ville.montreal.qc.ca\/portal\/page?_pageid=5798,85041649&amp;_dad=portal&amp;_schema=PORTAL\" target=\"_blank\">City of Montreal<\/a><\/li>\n<li><a href=\"http:\/\/www.rtl-longueuil.qc.ca\/\" target=\"_blank\">R\u00e9seau des transports de Longueuil<\/a><\/li>\n<li><a href=\"http:\/\/www.stm.info\/fr\" target=\"_blank\">Soci\u00e9t\u00e9 de transport de Montr\u00e9al<\/a><\/li>\n<\/ul>\n<p>[\/one_half_last]<br \/>\n<img loading=\"lazy\" decoding=\"async\" class=\"alignnone wp-image-235 size-full\" src=\"http:\/\/nicklondos.com\/wp-content\/uploads\/2015\/10\/slide-4.jpg\" alt=\"slide-4\" width=\"1200\" height=\"600\" srcset=\"https:\/\/nicklondos.com\/wp-content\/uploads\/2015\/10\/slide-4.jpg 1200w, https:\/\/nicklondos.com\/wp-content\/uploads\/2015\/10\/slide-4-300x150.jpg 300w, https:\/\/nicklondos.com\/wp-content\/uploads\/2015\/10\/slide-4-1024x512.jpg 1024w, https:\/\/nicklondos.com\/wp-content\/uploads\/2015\/10\/slide-4-900x450.jpg 900w\" sizes=\"auto, (max-width: 1200px) 100vw, 1200px\" \/><\/p>\n","protected":false},"excerpt":{"rendered":"<p>Some useful links related to the purchase or sale of your home &nbsp; [one_half_first] Hydro Quebec Gaz Metro Changement d&#8217;adresse Canada Post (mail forwarding) Chamber of notaries Oaciq Realtor Real Estate Board of Greater [\/one_half_first][one_half_last] Centris Housing Authority Order of Quebec Land Surveyors City of Longueuil City of St-Lambert City of Montreal R\u00e9seau des transports [&hellip;]<\/p>\n","protected":false},"author":1,"featured_media":0,"parent":0,"menu_order":0,"comment_status":"closed","ping_status":"closed","template":"","meta":{"footnotes":""},"class_list":["post-35","page","type-page","status-publish","hentry"],"_links":{"self":[{"href":"https:\/\/nicklondos.com\/en\/wp-json\/wp\/v2\/pages\/35","targetHints":{"allow":["GET"]}}],"collection":[{"href":"https:\/\/nicklondos.com\/en\/wp-json\/wp\/v2\/pages"}],"about":[{"href":"https:\/\/nicklondos.com\/en\/wp-json\/wp\/v2\/types\/page"}],"author":[{"embeddable":true,"href":"https:\/\/nicklondos.com\/en\/wp-json\/wp\/v2\/users\/1"}],"replies":[{"embeddable":true,"href":"https:\/\/nicklondos.com\/en\/wp-json\/wp\/v2\/comments?post=35"}],"version-history":[{"count":11,"href":"https:\/\/nicklondos.com\/en\/wp-json\/wp\/v2\/pages\/35\/revisions"}],"predecessor-version":[{"id":2344,"href":"https:\/\/nicklondos.com\/en\/wp-json\/wp\/v2\/pages\/35\/revisions\/2344"}],"wp:attachment":[{"href":"https:\/\/nicklondos.com\/en\/wp-json\/wp\/v2\/media?parent=35"}],"curies":[{"name":"wp","href":"https:\/\/api.w.org\/{rel}","templated":true}]}}