{"id":29,"date":"2015-09-18T10:45:34","date_gmt":"2015-09-18T10:45:34","guid":{"rendered":"http:\/\/nicklondos.com\/?page_id=29&#038;lang=en"},"modified":"2015-11-27T15:48:02","modified_gmt":"2015-11-27T15:48:02","slug":"partners","status":"publish","type":"page","link":"https:\/\/nicklondos.com\/en\/partners\/","title":{"rendered":"Partners"},"content":{"rendered":"<h4>Recommended professionals<\/h4>\n<p>&nbsp;<\/p>\n<p>[one_third_first]<\/p>\n<h5 style=\"text-align: center;\">Construction professionals<\/h5>\n<p style=\"text-align: center;\">Globex Construction 438.338.6318<\/p>\n<p style=\"text-align: center;\">Les Entreprises Colavita 514.234.1223<\/p>\n<p style=\"text-align: center;\">B.P. Planchers 514.977.8783<\/p>\n<p style=\"text-align: center;\"><a href=\"http:\/\/www.etancheitetrudeau.ca\/\" target=\"_blank\">Etanch\u00e9it\u00e9 Trudeau &amp; Fils<\/a> (toiture) 450.443.4150<\/p>\n<p>[\/one_third_first][one_third]<\/p>\n<h5 style=\"text-align: center;\">Inspectors<\/h5>\n<p style=\"text-align: center;\"><a href=\"http:\/\/montrealproinspection.com\/\" target=\"_blank\">Montreal Pro Inspection<\/a> 514.677.9892<\/p>\n<p style=\"text-align: center;\"><a href=\"http:\/\/www.inspectapro.net\/indexfr.html\" target=\"_blank\">Inspecta PRO<\/a> 514.944.1977<\/p>\n<p style=\"text-align: center;\"><a href=\"http:\/\/www.inspectionlapello.com\/\" target=\"_blank\">Les Inspections Lapello<\/a> 514.659.2330<\/p>\n<p style=\"text-align: center;\"><a href=\"http:\/\/www.inspec-thor.com\" target=\"_blank\">Inspec-thor.com<\/a>\u00a01.888.617.8467<\/p>\n<p>[\/one_third][one_third_last]<\/p>\n<h5 style=\"text-align: center;\">Mortgage specialists<\/h5>\n<p style=\"text-align: center;\">Jose Sepulveda RBC 514.577.8354<\/p>\n<p style=\"text-align: center;\">D\u00e9lia Ouan\u00e9s BNC 438.887.1723<\/p>\n<p style=\"text-align: center;\">Paul Roberge Desjardins 514.209.1879<\/p>\n<p style=\"text-align: center;\">Jean-Pierre Merc\u00e8re TD 514.755.1888<\/p>\n<p>[\/one_third_last]<\/p>\n<p>&nbsp;<\/p>\n<p><img loading=\"lazy\" decoding=\"async\" class=\"alignnone wp-image-226 size-full\" src=\"http:\/\/nicklondos.com\/wp-content\/uploads\/2015\/01\/slider-nick-londos.jpg\" alt=\"slider-nick-londos\" width=\"1200\" height=\"600\" srcset=\"https:\/\/nicklondos.com\/wp-content\/uploads\/2015\/01\/slider-nick-londos.jpg 1200w, https:\/\/nicklondos.com\/wp-content\/uploads\/2015\/01\/slider-nick-londos-300x150.jpg 300w, https:\/\/nicklondos.com\/wp-content\/uploads\/2015\/01\/slider-nick-londos-1024x512.jpg 1024w, https:\/\/nicklondos.com\/wp-content\/uploads\/2015\/01\/slider-nick-londos-900x450.jpg 900w\" sizes=\"auto, (max-width: 1200px) 100vw, 1200px\" \/><\/p>\n<p>&nbsp;<\/p>\n","protected":false},"excerpt":{"rendered":"<p>Recommended professionals &nbsp; [one_third_first] Construction professionals Globex Construction 438.338.6318 Les Entreprises Colavita 514.234.1223 B.P. Planchers 514.977.8783 Etanch\u00e9it\u00e9 Trudeau &amp; Fils (toiture) 450.443.4150 [\/one_third_first][one_third] Inspectors Montreal Pro Inspection 514.677.9892 Inspecta PRO 514.944.1977 Les Inspections Lapello 514.659.2330 Inspec-thor.com\u00a01.888.617.8467 [\/one_third][one_third_last] Mortgage specialists Jose Sepulveda RBC 514.577.8354 D\u00e9lia Ouan\u00e9s BNC 438.887.1723 Paul Roberge Desjardins 514.209.1879 Jean-Pierre Merc\u00e8re TD 514.755.1888 [&hellip;]<\/p>\n","protected":false},"author":1,"featured_media":0,"parent":0,"menu_order":0,"comment_status":"closed","ping_status":"closed","template":"","meta":{"footnotes":""},"class_list":["post-29","page","type-page","status-publish","hentry"],"_links":{"self":[{"href":"https:\/\/nicklondos.com\/en\/wp-json\/wp\/v2\/pages\/29","targetHints":{"allow":["GET"]}}],"collection":[{"href":"https:\/\/nicklondos.com\/en\/wp-json\/wp\/v2\/pages"}],"about":[{"href":"https:\/\/nicklondos.com\/en\/wp-json\/wp\/v2\/types\/page"}],"author":[{"embeddable":true,"href":"https:\/\/nicklondos.com\/en\/wp-json\/wp\/v2\/users\/1"}],"replies":[{"embeddable":true,"href":"https:\/\/nicklondos.com\/en\/wp-json\/wp\/v2\/comments?post=29"}],"version-history":[{"count":7,"href":"https:\/\/nicklondos.com\/en\/wp-json\/wp\/v2\/pages\/29\/revisions"}],"predecessor-version":[{"id":2563,"href":"https:\/\/nicklondos.com\/en\/wp-json\/wp\/v2\/pages\/29\/revisions\/2563"}],"wp:attachment":[{"href":"https:\/\/nicklondos.com\/en\/wp-json\/wp\/v2\/media?parent=29"}],"curies":[{"name":"wp","href":"https:\/\/api.w.org\/{rel}","templated":true}]}}